{"id":2504,"date":"2023-09-18T11:16:20","date_gmt":"2023-09-18T08:16:20","guid":{"rendered":"https:\/\/ozelbilgeoyunculuk.com\/?page_id=2504"},"modified":"2024-02-27T19:43:22","modified_gmt":"2024-02-27T16:43:22","slug":"gizlilik-ve-cerez-politikasi","status":"publish","type":"page","link":"https:\/\/ozelbilgeoyunculuk.com\/en\/gizlilik-ve-cerez-politikasi\/","title":{"rendered":"A\u00e7\u0131k R\u0131za Metni"},"content":{"rendered":"<div data-elementor-type=\"wp-page\" data-elementor-id=\"2504\" class=\"elementor elementor-2504\" data-elementor-post-type=\"page\">\n\t\t\t\t\t\t<section class=\"elementor-section elementor-top-section elementor-element elementor-element-fbd16ec elementor-section-boxed elementor-section-height-default elementor-section-height-default\" data-id=\"fbd16ec\" data-element_type=\"section\" data-e-type=\"section\" data-settings=\"{&quot;tmea_shape_divider_top&quot;:&quot;none&quot;,&quot;tmea_shape_divider_bottom&quot;:&quot;none&quot;}\">\n\t\t\t\t\t\t<div class=\"elementor-container elementor-column-gap-default\">\n\t\t\t\t\t<div class=\"elementor-column elementor-col-16 elementor-top-column elementor-element elementor-element-580ff1f\" data-id=\"580ff1f\" data-element_type=\"column\" data-e-type=\"column\">\n\t\t\t<div class=\"elementor-widget-wrap\">\n\t\t\t\t\t\t\t<\/div>\n\t\t<\/div>\n\t\t\t\t<div class=\"elementor-column elementor-col-66 elementor-top-column elementor-element elementor-element-6cbf199\" data-id=\"6cbf199\" data-element_type=\"column\" data-e-type=\"column\">\n\t\t\t<div class=\"elementor-widget-wrap elementor-element-populated\">\n\t\t\t\t\t\t<div class=\"elementor-element elementor-element-0d25ae7 elementor-widget elementor-widget-heading\" data-id=\"0d25ae7\" data-element_type=\"widget\" data-e-type=\"widget\" data-widget_type=\"heading.default\">\n\t\t\t\t<div class=\"elementor-widget-container\">\n\t\t\t\t\t<h2 class=\"elementor-heading-title elementor-size-default\">A\u00e7\u0131k R\u0131za Metni<\/h2>\t\t\t\t<\/div>\n\t\t\t\t<\/div>\n\t\t\t\t\t<\/div>\n\t\t<\/div>\n\t\t\t\t<div class=\"elementor-column elementor-col-16 elementor-top-column elementor-element elementor-element-eba0b11\" data-id=\"eba0b11\" data-element_type=\"column\" data-e-type=\"column\">\n\t\t\t<div class=\"elementor-widget-wrap\">\n\t\t\t\t\t\t\t<\/div>\n\t\t<\/div>\n\t\t\t\t\t<\/div>\n\t\t<\/section>\n\t\t\t\t<section class=\"elementor-section elementor-top-section elementor-element elementor-element-18aa01b elementor-section-full_width elementor-section-height-default elementor-section-height-default\" data-id=\"18aa01b\" data-element_type=\"section\" data-e-type=\"section\" data-settings=\"{&quot;tmea_shape_divider_top&quot;:&quot;none&quot;,&quot;tmea_shape_divider_bottom&quot;:&quot;none&quot;}\">\n\t\t\t\t\t\t<div class=\"elementor-container elementor-column-gap-default\">\n\t\t\t\t\t<div class=\"elementor-column elementor-col-16 elementor-top-column elementor-element elementor-element-1a00c05\" data-id=\"1a00c05\" data-element_type=\"column\" data-e-type=\"column\">\n\t\t\t<div class=\"elementor-widget-wrap\">\n\t\t\t\t\t\t\t<\/div>\n\t\t<\/div>\n\t\t\t\t<div class=\"elementor-column elementor-col-66 elementor-top-column elementor-element elementor-element-2efcfc5\" data-id=\"2efcfc5\" data-element_type=\"column\" data-e-type=\"column\">\n\t\t\t<div class=\"elementor-widget-wrap elementor-element-populated\">\n\t\t\t\t\n\t\t<div class=\"elementor-element elementor-element-a555552 elementor-widget elementor-widget-text-editor\" data-id=\"a555552\" data-element_type=\"widget\" data-e-type=\"widget\" data-widget_type=\"text-editor.default\">\n\t\t\t\t<div class=\"elementor-widget-container\">\n\t\t\t\t\t\t\t\t\t<p class=\"p1\"><b>K\u0130\u015e\u0130SEL VER\u0130LERE \u0130L\u0130\u015eK\u0130N AYDINLATMA VE ONAY H\u00dcK\u00dcMLER\u0130 <\/b><\/p><p class=\"p1\">6698 say\u0131l\u0131 Ki\u015fisel Verilerin Korunmas\u0131 Kanunu kapsam\u0131nda veri sorumlusu olan <span class=\"s1\">\u00d6zel Bilge Sinema ve Sahne Sanatlar\u0131 Oyunculuk Kursu<\/span>, s\u00f6zle\u015fme konusu i\u015fin y\u00fcr\u00fctmesi i\u00e7in gerek MEB mevzua gerekse de i\u015fin y\u00fcr\u00fct\u00fclmesi i\u00e7in gerekli olmas\u0131 nedeniyle, veli ve \u00f6\u011frencilere ili\u015fkin verileri i\u015flemektedir. Ki\u015fisel veriler; internet sitesi, muhtelif s\u00f6zle\u015fmeler, her t\u00fcrl\u00fc bilgi formlar\u0131, anketler, sosyal medya uygulamalar\u0131, tedarik\u00e7ilerimizden, y\u00fcklenicilerimizden ve i\u015f ortaklar\u0131m\u0131zdan gelen yaz\u0131l\u0131, s\u00f6zl\u00fc ve dijital bildirimler, \u00e7a\u011fr\u0131 merkezleri, y\u00fcz y\u00fcze veya di\u011fer ileti\u015fim kanallar\u0131yla g\u00f6r\u00fc\u015fmeler, kamera sistemleri ve burada say\u0131lanlarla s\u0131n\u0131rl\u0131 olmamak \u00fczere s\u00f6zl\u00fc, yaz\u0131l\u0131 veya elektronik kanallar arac\u0131l\u0131\u011f\u0131 ile toplanmaktad\u0131r. Bu kapsamda \u00f6zellikle ancak say\u0131lanlarla s\u0131n\u0131rl\u0131 olmamak kayd\u0131yla: velinin ad\u0131, soyad\u0131, TC kimlik numaras\u0131, adres, telefon numaras\u0131 ve veli, \u00f6\u011frenci ya da di\u011fer ki\u015filerin olan <span class=\"s1\">\u00d6zel Bilge Sinema ve Sahne Sanatlar\u0131 Oyunculuk Kursuna<\/span> banka kanal\u0131 ile \u00f6deme yapmas\u0131, banka bilgilerini payla\u015fmas\u0131 veya mezkur ki\u015filerin banka hesaplar\u0131na olan <span class=\"s1\">\u00d6zel Bilge Sinema ve Sahne Sanatlar\u0131 Oyunculuk Kursu<\/span> taraf\u0131ndan \u00f6deme yap\u0131lmas\u0131 vs. durumunda banka hesab\u0131 bilgileri; \u00f6\u011frencinin ad\u0131, soyad\u0131, cinsiyet bilgisi, TC kimlik numaras\u0131, adres, telefon numaras\u0131, kimlik fotokopisi, do\u011fum tarihi, kan grubu, sa\u011fl\u0131k verileri, sa\u011fl\u0131k raporlar\u0131, foto\u011fraflar\u0131, ses kay\u0131tlar\u0131, videolar\u0131, e\u011fitim ve g\u00f6steri kapsam\u0131nda k\u0131yafet bilgileri, \u00f6\u011frenci belgesi, \u00f6\u011frenci geli\u015fim raporlar\u0131, g\u00f6r\u00fcnt\u00fc veri sorumlusu taraf\u0131ndan i\u015flenecektir. \u00d6\u011frencinin foto\u011fraflar\u0131 ve videolar\u0131, kat\u0131ld\u0131\u011f\u0131 etkinlikler, ders ve g\u00f6steri kay\u0131tlar\u0131, internet sitesinde, sosyal medya hesaplar\u0131nda, tan\u0131t\u0131m ve etkinlik haberlerinde, bas\u0131l\u0131 kaynaklarda kullan\u0131lacak ve yay\u0131nlanacakt\u0131r. Veri sorumlusu i\u015fledi\u011fi verileri i\u015ftiraklerine, grup \u015firketlerine, sair okullar\u0131na, i\u015f birli\u011fi i\u00e7erisinde oldu\u011fu ajanslara, denetim firmalar\u0131na, mali m\u00fc\u015favirlere, banka ve finans kurulu\u015flar\u0131na, ilgili kamu kurum ve kurulu\u015flar\u0131n\u0131n talepleri do\u011frultusunda ve talep ama\u00e7lar\u0131yla s\u0131n\u0131rl\u0131 olarak hukuken yetkili kamu kurum ve kurulu\u015flar\u0131na ve s\u0131n\u0131rl\u0131 olarak yurt d\u0131\u015f\u0131na aktarabilecektir. Yukar\u0131da bahsi ge\u00e7en verilerin i\u015flenmesi ve aktar\u0131lmas\u0131 \u201cBir s\u00f6zle\u015fmenin kurulmas\u0131 veya ifas\u0131yla do\u011frudan do\u011fruya ilgili olmas\u0131 kayd\u0131yla, s\u00f6zle\u015fmenin taraflar\u0131na ait ki\u015fisel verilerin i\u015flenmesinin gerekli olmas\u0131\u201d ve \u201c\u0130lgili ki\u015finin temel hak ve \u00f6zg\u00fcrl\u00fcklerine zarar vermemek kayd\u0131yla veri sorumlusunun me\u015fru menfaatleri i\u00e7in veri i\u015flemenin zorunlu olmas\u0131\u201d hukuki sebeplerine dayanmaktad\u0131r. Veri sorumlusu verileri kanunen gerekli s\u00fcrekli s\u00fcre kadar muhafaza edecek ve i\u015flenmesini gerektirir sebebin ortadan kalkmas\u0131 halinde imha edecek ve\/veya anonim hale getirecektir. Veli ve \u00f6\u011frenci diledi\u011fi zaman veri sorumlusuna ba\u015fvurarak ve ba\u015fvuru formlar\u0131n\u0131 usul\u00fcne uygun doldurarak, ki\u015fisel verilerinin i\u015flenip i\u015flenmedi\u011fini \u00f6\u011frenme; i\u015flenen veriye dair bilgi talep etme; veri i\u015fleme amac\u0131n\u0131 ve bu verilerin amac\u0131na uygun kullan\u0131l\u0131p kullan\u0131lmad\u0131\u011f\u0131n\u0131 \u00f6\u011frenme; yurt i\u00e7i ve yurt d\u0131\u015f\u0131nda ki\u015fisel verilerin aktar\u0131ld\u0131\u011f\u0131 \u00fc\u00e7\u00fcnc\u00fc ki\u015fileri \u00f6\u011frenme; eksik veya yanl\u0131\u015f i\u015flenen verilerinin d\u00fczeltilmesini isteme; verinin i\u015flenmesine neden olan sebebin ortadan kalkmas\u0131 halinde verinin silinmesini ve anonim hale getirilmesini isteme; talebe ba\u011fl\u0131 olarak verilerin silinmesi, imha edilmesi ve d\u00fczeltilmesi halinde durumun 3. ki\u015filere bildirilmesini isteme; aleyhine \u00e7\u0131kan duruma itiraz etme ve zarar\u0131n\u0131n giderilmesini isteme ba\u015fta olmak \u00fczere mevzuata say\u0131lan t\u00fcm haklara sahiptir.<\/p><p class=\"p1\">Ki\u015fisel verilere ili\u015fkin detayl\u0131 \u015fekilde bilgilendirildim, okudum, anlad\u0131m. Taraf\u0131m\u0131n ve \u00f6\u011frencimin ki\u015fisel verilerinin i\u015flenmesine, toplanmas\u0131na, aktar\u0131lmas\u0131na a\u00e7\u0131k r\u0131za g\u00f6steriyorum.<\/p>\t\t\t\t\t\t\t\t<\/div>\n\t\t\t\t<\/div>\n\t\t\t\t\t<\/div>\n\t\t<\/div>\n\t\t\t\t<div class=\"elementor-column elementor-col-16 elementor-top-column elementor-element elementor-element-89ed280\" data-id=\"89ed280\" data-element_type=\"column\" data-e-type=\"column\">\n\t\t\t<div class=\"elementor-widget-wrap\">\n\t\t\t\t\t\t\t<\/div>\n\t\t<\/div>\n\t\t\t\t\t<\/div>\n\t\t<\/section>\n\t\t\t\t<\/div>","protected":false},"excerpt":{"rendered":"<p>A\u00e7\u0131k R\u0131za Metni K\u0130\u015e\u0130SEL VER\u0130LERE \u0130L\u0130\u015eK\u0130N AYDINLATMA VE ONAY H\u00dcK\u00dcMLER\u0130 6698 say\u0131l\u0131 Ki\u015fisel Verilerin Korunmas\u0131 Kanunu kapsam\u0131nda veri sorumlusu olan \u00d6zel Bilge Sinema ve Sahne Sanatlar\u0131 Oyunculuk Kursu, s\u00f6zle\u015fme konusu i\u015fin y\u00fcr\u00fctmesi i\u00e7in gerek MEB mevzua gerekse de i\u015fin y\u00fcr\u00fct\u00fclmesi i\u00e7in gerekli olmas\u0131 nedeniyle, veli ve \u00f6\u011frencilere ili\u015fkin verileri i\u015flemektedir. Ki\u015fisel veriler; internet sitesi, muhtelif [&hellip;]<\/p>\n","protected":false},"author":236478900,"featured_media":0,"parent":0,"menu_order":0,"comment_status":"closed","ping_status":"closed","template":"","meta":{"site-sidebar-layout":"no-sidebar","site-content-layout":"page-builder","ast-site-content-layout":"full-width-container","site-content-style":"default","site-sidebar-style":"default","ast-global-header-display":"","ast-banner-title-visibility":"","ast-main-header-display":"","ast-hfb-above-header-display":"","ast-hfb-below-header-display":"","ast-hfb-mobile-header-display":"","site-post-title":"disabled","ast-breadcrumbs-content":"","ast-featured-img":"disabled","footer-sml-layout":"","ast-disable-related-posts":"","theme-transparent-header-meta":"","adv-header-id-meta":"","stick-header-meta":"","header-above-stick-meta":"","header-main-stick-meta":"","header-below-stick-meta":"","astra-migrate-meta-layouts":"set","ast-page-background-enabled":"default","ast-page-background-meta":{"desktop":{"background-color":"var(--ast-global-color-4)","background-image":"","background-repeat":"repeat","background-position":"center center","background-size":"auto","background-attachment":"scroll","background-type":"","background-media":"","overlay-type":"","overlay-color":"","overlay-opacity":"","overlay-gradient":""},"tablet":{"background-color":"","background-image":"","background-repeat":"repeat","background-position":"center center","background-size":"auto","background-attachment":"scroll","background-type":"","background-media":"","overlay-type":"","overlay-color":"","overlay-opacity":"","overlay-gradient":""},"mobile":{"background-color":"","background-image":"","background-repeat":"repeat","background-position":"center center","background-size":"auto","background-attachment":"scroll","background-type":"","background-media":"","overlay-type":"","overlay-color":"","overlay-opacity":"","overlay-gradient":""}},"ast-content-background-meta":{"desktop":{"background-color":"var(--ast-global-color-5)","background-image":"","background-repeat":"repeat","background-position":"center center","background-size":"auto","background-attachment":"scroll","background-type":"","background-media":"","overlay-type":"","overlay-color":"","overlay-opacity":"","overlay-gradient":""},"tablet":{"background-color":"var(--ast-global-color-5)","background-image":"","background-repeat":"repeat","background-position":"center center","background-size":"auto","background-attachment":"scroll","background-type":"","background-media":"","overlay-type":"","overlay-color":"","overlay-opacity":"","overlay-gradient":""},"mobile":{"background-color":"var(--ast-global-color-5)","background-image":"","background-repeat":"repeat","background-position":"center center","background-size":"auto","background-attachment":"scroll","background-type":"","background-media":"","overlay-type":"","overlay-color":"","overlay-opacity":"","overlay-gradient":""}},"footnotes":""},"class_list":["post-2504","page","type-page","status-publish","hentry"],"_links":{"self":[{"href":"https:\/\/ozelbilgeoyunculuk.com\/en\/wp-json\/wp\/v2\/pages\/2504","targetHints":{"allow":["GET"]}}],"collection":[{"href":"https:\/\/ozelbilgeoyunculuk.com\/en\/wp-json\/wp\/v2\/pages"}],"about":[{"href":"https:\/\/ozelbilgeoyunculuk.com\/en\/wp-json\/wp\/v2\/types\/page"}],"author":[{"embeddable":true,"href":"https:\/\/ozelbilgeoyunculuk.com\/en\/wp-json\/wp\/v2\/users\/236478900"}],"replies":[{"embeddable":true,"href":"https:\/\/ozelbilgeoyunculuk.com\/en\/wp-json\/wp\/v2\/comments?post=2504"}],"version-history":[{"count":18,"href":"https:\/\/ozelbilgeoyunculuk.com\/en\/wp-json\/wp\/v2\/pages\/2504\/revisions"}],"predecessor-version":[{"id":3056,"href":"https:\/\/ozelbilgeoyunculuk.com\/en\/wp-json\/wp\/v2\/pages\/2504\/revisions\/3056"}],"wp:attachment":[{"href":"https:\/\/ozelbilgeoyunculuk.com\/en\/wp-json\/wp\/v2\/media?parent=2504"}],"curies":[{"name":"wp","href":"https:\/\/api.w.org\/{rel}","templated":true}]}}