{"id":358,"date":"2023-08-28T07:59:53","date_gmt":"2023-08-28T04:59:53","guid":{"rendered":"https:\/\/ozelbilgeoyunculuk.com\/?page_id=358"},"modified":"2025-08-23T21:01:45","modified_gmt":"2025-08-23T18:01:45","slug":"sertifika-programlari","status":"publish","type":"page","link":"https:\/\/ozelbilgeoyunculuk.com\/en\/sertifika-programlari\/","title":{"rendered":"MEB Approved Certificate Programs"},"content":{"rendered":"<div data-elementor-type=\"wp-page\" data-elementor-id=\"358\" class=\"elementor elementor-358\" data-elementor-post-type=\"page\">\n\t\t\t\t\t\t<section class=\"elementor-section elementor-top-section elementor-element elementor-element-91e8f96 elementor-section-stretched elementor-section-boxed elementor-section-height-default elementor-section-height-default\" data-id=\"91e8f96\" data-element_type=\"section\" data-e-type=\"section\" data-settings=\"{&quot;stretch_section&quot;:&quot;section-stretched&quot;,&quot;tmea_shape_divider_top&quot;:&quot;none&quot;,&quot;tmea_shape_divider_bottom&quot;:&quot;none&quot;}\">\n\t\t\t\t\t\t<div class=\"elementor-container elementor-column-gap-default\">\n\t\t\t\t\t<div class=\"elementor-column elementor-col-33 elementor-top-column elementor-element elementor-element-678b786\" data-id=\"678b786\" data-element_type=\"column\" data-e-type=\"column\">\n\t\t\t<div class=\"elementor-widget-wrap\">\n\t\t\t\t\t\t\t<\/div>\n\t\t<\/div>\n\t\t\t\t<div class=\"elementor-column elementor-col-33 elementor-top-column elementor-element elementor-element-c65f502\" data-id=\"c65f502\" data-element_type=\"column\" data-e-type=\"column\" data-settings=\"{&quot;background_background&quot;:&quot;classic&quot;}\">\n\t\t\t<div class=\"elementor-widget-wrap elementor-element-populated\">\n\t\t\t\t\t\t<div class=\"elementor-element elementor-element-108da2d elementor-invisible elementor-widget elementor-widget-image\" data-id=\"108da2d\" data-element_type=\"widget\" data-e-type=\"widget\" data-settings=\"{&quot;_animation&quot;:&quot;fadeInRight&quot;}\" data-widget_type=\"image.default\">\n\t\t\t\t<div class=\"elementor-widget-container\">\n\t\t\t\t\t\t\t\t\t\t\t\t\t\t\t<img fetchpriority=\"high\" decoding=\"async\" width=\"499\" height=\"500\" src=\"https:\/\/ozelbilgeoyunculuk.com\/wp-content\/uploads\/2023\/08\/Kare_Tabela-removebg-preview.png\" class=\"attachment-large size-large wp-image-498\" alt=\"\" srcset=\"https:\/\/ozelbilgeoyunculuk.com\/wp-content\/uploads\/2023\/08\/Kare_Tabela-removebg-preview.png 499w, https:\/\/ozelbilgeoyunculuk.com\/wp-content\/uploads\/2023\/08\/Kare_Tabela-removebg-preview-300x300.png 300w, https:\/\/ozelbilgeoyunculuk.com\/wp-content\/uploads\/2023\/08\/Kare_Tabela-removebg-preview-150x150.png?crop=1 150w, https:\/\/ozelbilgeoyunculuk.com\/wp-content\/uploads\/2023\/08\/Kare_Tabela-removebg-preview-12x12.png 12w, https:\/\/ozelbilgeoyunculuk.com\/wp-content\/uploads\/2023\/08\/Kare_Tabela-removebg-preview-400x400.png?crop=1 400w, https:\/\/ozelbilgeoyunculuk.com\/wp-content\/uploads\/2023\/08\/Kare_Tabela-removebg-preview-200x200.png?crop=1 200w\" sizes=\"(max-width: 499px) 100vw, 499px\" \/>\t\t\t\t\t\t\t\t\t\t\t\t\t\t\t<\/div>\n\t\t\t\t<\/div>\n\t\t\t\t\t<\/div>\n\t\t<\/div>\n\t\t\t\t<div class=\"elementor-column elementor-col-33 elementor-top-column elementor-element elementor-element-c72e440\" data-id=\"c72e440\" data-element_type=\"column\" data-e-type=\"column\">\n\t\t\t<div class=\"elementor-widget-wrap\">\n\t\t\t\t\t\t\t<\/div>\n\t\t<\/div>\n\t\t\t\t\t<\/div>\n\t\t<\/section>\n\t\t\t\t<section class=\"elementor-section elementor-top-section elementor-element elementor-element-e976140 elementor-section-boxed elementor-section-height-default elementor-section-height-default\" data-id=\"e976140\" data-element_type=\"section\" data-e-type=\"section\" data-settings=\"{&quot;tmea_shape_divider_top&quot;:&quot;none&quot;,&quot;tmea_shape_divider_bottom&quot;:&quot;none&quot;}\">\n\t\t\t\t\t\t<div class=\"elementor-container elementor-column-gap-default\">\n\t\t\t\t\t<div class=\"elementor-column elementor-col-100 elementor-top-column elementor-element elementor-element-a3cf7c0\" data-id=\"a3cf7c0\" data-element_type=\"column\" data-e-type=\"column\">\n\t\t\t<div class=\"elementor-widget-wrap elementor-element-populated\">\n\t\t\t\t\t\t<div class=\"elementor-element elementor-element-3b349f4 elementor-widget elementor-widget-heading\" data-id=\"3b349f4\" data-element_type=\"widget\" data-e-type=\"widget\" data-widget_type=\"heading.default\">\n\t\t\t\t<div class=\"elementor-widget-container\">\n\t\t\t\t\t<h2 class=\"elementor-heading-title elementor-size-default\">Ministry of National Education Approved<br> Certificate Programs<\/h2>\t\t\t\t<\/div>\n\t\t\t\t<\/div>\n\t\t\t\t<section class=\"elementor-section elementor-inner-section elementor-element elementor-element-e860d7c elementor-section-boxed elementor-section-height-default elementor-section-height-default\" data-id=\"e860d7c\" data-element_type=\"section\" data-e-type=\"section\" data-settings=\"{&quot;tmea_shape_divider_top&quot;:&quot;none&quot;,&quot;tmea_shape_divider_bottom&quot;:&quot;none&quot;}\">\n\t\t\t\t\t\t<div class=\"elementor-container elementor-column-gap-default\">\n\t\t\t\t\t<div class=\"elementor-column elementor-col-50 elementor-inner-column elementor-element elementor-element-a94403c\" data-id=\"a94403c\" data-element_type=\"column\" data-e-type=\"column\">\n\t\t\t<div class=\"elementor-widget-wrap elementor-element-populated\">\n\t\t\t\t\n\t\t<div class=\"elementor-element elementor-element-ef69eba elementor-widget elementor-widget-text-editor\" data-id=\"ef69eba\" data-element_type=\"widget\" data-e-type=\"widget\" data-widget_type=\"text-editor.default\">\n\t\t\t\t<div class=\"elementor-widget-container\">\n\t\t\t\t\t\t\t\t\t<p><span style=\"font-style: inherit; font-weight: inherit; letter-spacing: 0px;\">We implement MEB Approved\u00a0<\/span><\/p>\t\t\t\t\t\t\t\t<\/div>\n\t\t\t\t<\/div>\n\t\t\t\t\t<\/div>\n\t\t<\/div>\n\t\t\t\t<div class=\"elementor-column elementor-col-50 elementor-inner-column elementor-element elementor-element-5b81132\" data-id=\"5b81132\" data-element_type=\"column\" data-e-type=\"column\">\n\t\t\t<div class=\"elementor-widget-wrap elementor-element-populated\">\n\t\t\t\t\t\t<div class=\"elementor-element elementor-element-f2b9009 elementor-widget elementor-widget-text-editor\" data-id=\"f2b9009\" data-element_type=\"widget\" data-e-type=\"widget\" data-widget_type=\"text-editor.default\">\n\t\t\t\t<div class=\"elementor-widget-container\">\n\t\t\t\t\t\t\t\t\t<ul><li aria-level=\"1\">Creative Drama\u00a0<\/li><li aria-level=\"1\">Cinema and Performing Arts Acting\u00a0<\/li><li aria-level=\"1\">Basic Acting<\/li><li aria-level=\"1\">Acting in Front of the Camera<\/li><li aria-level=\"1\">Script Writing\u00a0<\/li><li aria-level=\"1\">Speaking Training (Diction)<\/li><\/ul><p>\u00a0 \u00a0 \u00a0course programs in our institution.<\/p>\t\t\t\t\t\t\t\t<\/div>\n\t\t\t\t<\/div>\n\t\t\t\t\t<\/div>\n\t\t<\/div>\n\t\t\t\t\t<\/div>\n\t\t<\/section>\n\t\t\t\t\t<\/div>\n\t\t<\/div>\n\t\t\t\t\t<\/div>\n\t\t<\/section>\n\t\t\t\t<section class=\"elementor-section elementor-top-section elementor-element elementor-element-517d1c3 elementor-section-boxed elementor-section-height-default elementor-section-height-default\" data-id=\"517d1c3\" data-element_type=\"section\" data-e-type=\"section\" data-settings=\"{&quot;tmea_shape_divider_top&quot;:&quot;none&quot;,&quot;tmea_shape_divider_bottom&quot;:&quot;none&quot;}\">\n\t\t\t\t\t\t<div class=\"elementor-container elementor-column-gap-default\">\n\t\t\t\t\t<div class=\"elementor-column elementor-col-50 elementor-top-column elementor-element elementor-element-a337e2c\" data-id=\"a337e2c\" data-element_type=\"column\" data-e-type=\"column\">\n\t\t\t<div class=\"elementor-widget-wrap elementor-element-populated\">\n\t\t\t\t\t\t<div class=\"elementor-element elementor-element-b9f17a8 elementor-widget elementor-widget-text-editor\" data-id=\"b9f17a8\" data-element_type=\"widget\" data-e-type=\"widget\" data-widget_type=\"text-editor.default\">\n\t\t\t\t<div class=\"elementor-widget-container\">\n\t\t\t\t\t\t\t\t\t<p>Our course is the first and only institution in Turkey serving with the code \"Cinema and Performing Arts Acting Course Program\" in Turkey\u00a0<b>.<\/b><\/p>\t\t\t\t\t\t\t\t<\/div>\n\t\t\t\t<\/div>\n\t\t\t\t<div class=\"elementor-element elementor-element-c3188f4 elementor-widget elementor-widget-image\" data-id=\"c3188f4\" data-element_type=\"widget\" data-e-type=\"widget\" data-widget_type=\"image.default\">\n\t\t\t\t<div class=\"elementor-widget-container\">\n\t\t\t\t\t\t\t\t\t\t\t\t\t\t\t<img decoding=\"async\" width=\"502\" height=\"844\" src=\"https:\/\/ozelbilgeoyunculuk.com\/wp-content\/uploads\/2023\/09\/pr23.png\" class=\"attachment-full size-full wp-image-634\" alt=\"\" srcset=\"https:\/\/ozelbilgeoyunculuk.com\/wp-content\/uploads\/2023\/09\/pr23.png 502w, https:\/\/ozelbilgeoyunculuk.com\/wp-content\/uploads\/2023\/09\/pr23-178x300.png 178w, https:\/\/ozelbilgeoyunculuk.com\/wp-content\/uploads\/2023\/09\/pr23-7x12.png 7w\" sizes=\"(max-width: 502px) 100vw, 502px\" \/>\t\t\t\t\t\t\t\t\t\t\t\t\t\t\t<\/div>\n\t\t\t\t<\/div>\n\t\t\t\t\t<\/div>\n\t\t<\/div>\n\t\t\t\t<div class=\"elementor-column elementor-col-50 elementor-top-column elementor-element elementor-element-6d78fe2\" data-id=\"6d78fe2\" data-element_type=\"column\" data-e-type=\"column\">\n\t\t\t<div class=\"elementor-widget-wrap elementor-element-populated\">\n\t\t\t\t\t\t<div class=\"elementor-element elementor-element-034e714 elementor-widget elementor-widget-text-editor\" data-id=\"034e714\" data-element_type=\"widget\" data-e-type=\"widget\" data-widget_type=\"text-editor.default\">\n\t\t\t\t<div class=\"elementor-widget-container\">\n\t\t\t\t\t\t\t\t\t<p>In our country, the system of primary and secondary schools keeps records of all social activities that students participate in outside of school. These records positively affect the student's social success score. At the same time, it takes an important place in their portfolios and contributes to gaining school acceptance and scholarship opportunities in private domestic institutions. The fact that the courses we attend in business life are certified by an official institution can contribute to a person's CV and can guide career planning by gaining the title of \"Master Instructor\" after receiving a certain amount of training.<br \/><br \/>Every institution providing education in our country, without exception, must be affiliated with the Ministry of National Education.\u00a0<b>Special Skills Courses<\/b>\u00a0are also included to that. Issues such as the competence of the instructors and the compliance of the institution building with the security and earthquake regulations are frequently inspected in institutions approved by the Ministry of Education.<\/p><p><b>MEB approved acting training<\/b>basically refers to acting courses approved by the Ministry of National Education. In addition to the content of acting training prepared in accordance with the curriculum of the Ministry of National Education, the classrooms where lessons will be held for acting training approved by the Ministry of National Education and the institution itself are also inspected.<\/p><p>The certificate you receive at the end of MEB approved acting courses shows that your expertise in acting has been approved by an official institution. As a matter of fact, in order for the trainee to complete the course successfully, the exam at the end of the training is carried out under the supervision of auditors appointed by the Directorate of National Education.<\/p>\t\t\t\t\t\t\t\t<\/div>\n\t\t\t\t<\/div>\n\t\t\t\t\t<\/div>\n\t\t<\/div>\n\t\t\t\t\t<\/div>\n\t\t<\/section>\n\t\t\t\t<section class=\"elementor-section elementor-top-section elementor-element elementor-element-0a2b949 elementor-section-boxed elementor-section-height-default elementor-section-height-default\" data-id=\"0a2b949\" data-element_type=\"section\" data-e-type=\"section\" data-settings=\"{&quot;tmea_shape_divider_top&quot;:&quot;none&quot;,&quot;tmea_shape_divider_bottom&quot;:&quot;none&quot;}\">\n\t\t\t\t\t\t<div class=\"elementor-container elementor-column-gap-default\">\n\t\t\t\t\t<div class=\"elementor-column elementor-col-100 elementor-top-column elementor-element elementor-element-938e53a\" data-id=\"938e53a\" data-element_type=\"column\" data-e-type=\"column\">\n\t\t\t<div class=\"elementor-widget-wrap elementor-element-populated\">\n\t\t\t\t\t\t<div class=\"elementor-element elementor-element-dc6e544 elementor-widget elementor-widget-spacer\" data-id=\"dc6e544\" data-element_type=\"widget\" data-e-type=\"widget\" data-widget_type=\"spacer.default\">\n\t\t\t\t<div class=\"elementor-widget-container\">\n\t\t\t\t\t\t\t<div class=\"elementor-spacer\">\n\t\t\t<div class=\"elementor-spacer-inner\"><\/div>\n\t\t<\/div>\n\t\t\t\t\t\t<\/div>\n\t\t\t\t<\/div>\n\t\t\t\t\t<\/div>\n\t\t<\/div>\n\t\t\t\t\t<\/div>\n\t\t<\/section>\n\t\t\t\t<section class=\"elementor-section elementor-top-section elementor-element elementor-element-7320e5d elementor-section-boxed elementor-section-height-default elementor-section-height-default\" data-id=\"7320e5d\" data-element_type=\"section\" data-e-type=\"section\" data-settings=\"{&quot;tmea_shape_divider_top&quot;:&quot;none&quot;,&quot;tmea_shape_divider_bottom&quot;:&quot;none&quot;}\">\n\t\t\t\t\t\t<div class=\"elementor-container elementor-column-gap-default\">\n\t\t\t\t\t<div class=\"elementor-column elementor-col-100 elementor-top-column elementor-element elementor-element-61c2315\" data-id=\"61c2315\" data-element_type=\"column\" data-e-type=\"column\">\n\t\t\t<div class=\"elementor-widget-wrap\">\n\t\t\t\t\t\t\t<\/div>\n\t\t<\/div>\n\t\t\t\t\t<\/div>\n\t\t<\/section>\n\t\t\t\t<\/div>","protected":false},"excerpt":{"rendered":"<p>Milli E\u011fitim Bakanl\u0131\u011f\u0131 Onayl\u0131 Sertifika Programlar\u0131 Kurumumuzda MEB Onayl\u0131\u00a0 Yarat\u0131c\u0131 Drama\u00a0 Sinema ve Sahne Sanatlar\u0131 Oyunculu\u011fu\u00a0 Temel Oyunculuk Kamera Kar\u015f\u0131s\u0131nda Oyunculuk Senaryo Yaz\u0131m\u0131\u00a0 Konu\u015fma E\u011fitimi (Diksiyon) \u00a0 \u00a0 \u00a0kurs programlar\u0131n\u0131 uygulamaktay\u0131z. Kursumuz, \u201cSinema ve Sahne Sanatlar\u0131 Oyunculu\u011fu Kurs Program\u0131\u201d\u00a0koduyla T\u00fcrkiye\u2019de hizmet veren\u00a0ilk ve tek kurum olma \u00f6zelli\u011fini ta\u015f\u0131maktad\u0131r. \u00dclkemizde ilk\u00f6\u011fretim ve orta\u00f6\u011fretim okullar\u0131n sisteminde \u00f6\u011frencilerin [&hellip;]<\/p>\n","protected":false},"author":236478900,"featured_media":0,"parent":0,"menu_order":0,"comment_status":"closed","ping_status":"closed","template":"","meta":{"site-sidebar-layout":"no-sidebar","site-content-layout":"page-builder","ast-site-content-layout":"default","site-content-style":"default","site-sidebar-style":"default","ast-global-header-display":"","ast-banner-title-visibility":"","ast-main-header-display":"","ast-hfb-above-header-display":"","ast-hfb-below-header-display":"","ast-hfb-mobile-header-display":"","site-post-title":"disabled","ast-breadcrumbs-content":"","ast-featured-img":"disabled","footer-sml-layout":"","ast-disable-related-posts":"","theme-transparent-header-meta":"default","adv-header-id-meta":"","stick-header-meta":"","header-above-stick-meta":"","header-main-stick-meta":"","header-below-stick-meta":"","astra-migrate-meta-layouts":"set","ast-page-background-enabled":"default","ast-page-background-meta":{"desktop":{"background-color":"var(--ast-global-color-4)","background-image":"","background-repeat":"repeat","background-position":"center center","background-size":"auto","background-attachment":"scroll","background-type":"","background-media":"","overlay-type":"","overlay-color":"","overlay-opacity":"","overlay-gradient":""},"tablet":{"background-color":"","background-image":"","background-repeat":"repeat","background-position":"center center","background-size":"auto","background-attachment":"scroll","background-type":"","background-media":"","overlay-type":"","overlay-color":"","overlay-opacity":"","overlay-gradient":""},"mobile":{"background-color":"","background-image":"","background-repeat":"repeat","background-position":"center center","background-size":"auto","background-attachment":"scroll","background-type":"","background-media":"","overlay-type":"","overlay-color":"","overlay-opacity":"","overlay-gradient":""}},"ast-content-background-meta":{"desktop":{"background-color":"var(--ast-global-color-5)","background-image":"","background-repeat":"repeat","background-position":"center center","background-size":"auto","background-attachment":"scroll","background-type":"","background-media":"","overlay-type":"","overlay-color":"","overlay-opacity":"","overlay-gradient":""},"tablet":{"background-color":"var(--ast-global-color-5)","background-image":"","background-repeat":"repeat","background-position":"center center","background-size":"auto","background-attachment":"scroll","background-type":"","background-media":"","overlay-type":"","overlay-color":"","overlay-opacity":"","overlay-gradient":""},"mobile":{"background-color":"var(--ast-global-color-5)","background-image":"","background-repeat":"repeat","background-position":"center center","background-size":"auto","background-attachment":"scroll","background-type":"","background-media":"","overlay-type":"","overlay-color":"","overlay-opacity":"","overlay-gradient":""}},"footnotes":""},"class_list":["post-358","page","type-page","status-publish","hentry"],"_links":{"self":[{"href":"https:\/\/ozelbilgeoyunculuk.com\/en\/wp-json\/wp\/v2\/pages\/358","targetHints":{"allow":["GET"]}}],"collection":[{"href":"https:\/\/ozelbilgeoyunculuk.com\/en\/wp-json\/wp\/v2\/pages"}],"about":[{"href":"https:\/\/ozelbilgeoyunculuk.com\/en\/wp-json\/wp\/v2\/types\/page"}],"author":[{"embeddable":true,"href":"https:\/\/ozelbilgeoyunculuk.com\/en\/wp-json\/wp\/v2\/users\/236478900"}],"replies":[{"embeddable":true,"href":"https:\/\/ozelbilgeoyunculuk.com\/en\/wp-json\/wp\/v2\/comments?post=358"}],"version-history":[{"count":80,"href":"https:\/\/ozelbilgeoyunculuk.com\/en\/wp-json\/wp\/v2\/pages\/358\/revisions"}],"predecessor-version":[{"id":3357,"href":"https:\/\/ozelbilgeoyunculuk.com\/en\/wp-json\/wp\/v2\/pages\/358\/revisions\/3357"}],"wp:attachment":[{"href":"https:\/\/ozelbilgeoyunculuk.com\/en\/wp-json\/wp\/v2\/media?parent=358"}],"curies":[{"name":"wp","href":"https:\/\/api.w.org\/{rel}","templated":true}]}}