{"id":2,"date":"2023-06-17T13:44:21","date_gmt":"2023-06-17T13:44:21","guid":{"rendered":"https:\/\/ozelbilgeoyunculuk.com\/about-2\/"},"modified":"2024-02-27T18:57:45","modified_gmt":"2024-02-27T15:57:45","slug":"hakkimizda","status":"publish","type":"page","link":"https:\/\/ozelbilgeoyunculuk.com\/tr\/hakkimizda\/","title":{"rendered":"Hakk\u0131m\u0131zda"},"content":{"rendered":"\t\t<div data-elementor-type=\"wp-page\" data-elementor-id=\"2\" class=\"elementor elementor-2\" data-elementor-post-type=\"page\">\n\t\t\t\t\t\t<section class=\"elementor-section elementor-top-section elementor-element elementor-element-451e4015 elementor-section-height-min-height elementor-section-full_width elementor-section-stretched elementor-section-height-default elementor-section-items-middle\" data-id=\"451e4015\" data-element_type=\"section\" data-e-type=\"section\" data-settings=\"{&quot;background_background&quot;:&quot;slideshow&quot;,&quot;stretch_section&quot;:&quot;section-stretched&quot;,&quot;background_slideshow_gallery&quot;:[{&quot;id&quot;:2895,&quot;url&quot;:&quot;https:\\\/\\\/ozelbilgeoyunculuk.com\\\/wp-content\\\/uploads\\\/2023\\\/11\\\/IMG-20231020-WA0026-2.jpg&quot;},{&quot;id&quot;:264,&quot;url&quot;:&quot;https:\\\/\\\/ozelbilgeoyunculuk.com\\\/wp-content\\\/uploads\\\/2023\\\/08\\\/IMG_0314-k-1024x683-2.jpg&quot;},{&quot;id&quot;:265,&quot;url&quot;:&quot;https:\\\/\\\/ozelbilgeoyunculuk.com\\\/wp-content\\\/uploads\\\/2023\\\/08\\\/TIYATRO-SALONU-UYGULAMA-DERSLIGI.jpg&quot;},{&quot;id&quot;:266,&quot;url&quot;:&quot;https:\\\/\\\/ozelbilgeoyunculuk.com\\\/wp-content\\\/uploads\\\/2023\\\/08\\\/TIYATRO-SALONUMUZ-3.jpg&quot;}],&quot;background_slideshow_ken_burns&quot;:&quot;yes&quot;,&quot;background_slideshow_ken_burns_zoom_direction&quot;:&quot;out&quot;,&quot;tmea_shape_divider_top&quot;:&quot;none&quot;,&quot;tmea_shape_divider_bottom&quot;:&quot;none&quot;,&quot;background_slideshow_loop&quot;:&quot;yes&quot;,&quot;background_slideshow_slide_duration&quot;:5000,&quot;background_slideshow_slide_transition&quot;:&quot;fade&quot;,&quot;background_slideshow_transition_duration&quot;:500}\">\n\t\t\t\t\t\t\t<div class=\"elementor-background-overlay\"><\/div>\n\t\t\t\t\t\t\t<div class=\"elementor-container elementor-column-gap-default\">\n\t\t\t\t\t<div class=\"elementor-column elementor-col-100 elementor-top-column elementor-element elementor-element-7d0327f6\" data-id=\"7d0327f6\" data-element_type=\"column\" data-e-type=\"column\">\n\t\t\t<div class=\"elementor-widget-wrap elementor-element-populated\">\n\t\t\t\t\t\t<section class=\"elementor-section elementor-inner-section elementor-element elementor-element-62a36c6 elementor-section-boxed elementor-section-height-default elementor-section-height-default\" data-id=\"62a36c6\" data-element_type=\"section\" data-e-type=\"section\" data-settings=\"{&quot;tmea_shape_divider_top&quot;:&quot;none&quot;,&quot;tmea_shape_divider_bottom&quot;:&quot;none&quot;}\">\n\t\t\t\t\t\t<div class=\"elementor-container elementor-column-gap-default\">\n\t\t\t\t\t<div class=\"elementor-column elementor-col-33 elementor-inner-column elementor-element elementor-element-b7528b4\" data-id=\"b7528b4\" data-element_type=\"column\" data-e-type=\"column\">\n\t\t\t<div class=\"elementor-widget-wrap\">\n\t\t\t\t\t\t\t<\/div>\n\t\t<\/div>\n\t\t\t\t<div class=\"elementor-column elementor-col-33 elementor-inner-column elementor-element elementor-element-9bb16eb\" data-id=\"9bb16eb\" data-element_type=\"column\" data-e-type=\"column\">\n\t\t\t<div class=\"elementor-widget-wrap elementor-element-populated\">\n\t\t\t\t\n\t\t<div class=\"elementor-element elementor-element-6a6ac912 elementor-widget__width-inherit elementor-widget elementor-widget-text-editor\" data-id=\"6a6ac912\" data-element_type=\"widget\" data-e-type=\"widget\" data-widget_type=\"text-editor.default\">\n\t\t\t\t<div class=\"elementor-widget-container\">\n\t\t\t\t\t\t\t\t\t<p>2012 y\u0131l\u0131ndan bu yana MEB \u00d6zel Bilge Sinema ve Sahne Sanatlar\u0131 Oyunculuk Kursu olarak her biri kendi alan\u0131nda son derece ba\u015far\u0131l\u0131 ve profesyonel e\u011fitmenlerden olu\u015fan kadromuzla, diledi\u011finiz alanda profesyonel ya da hobi olarak e\u011fitim alabilirsiniz.<\/p><p>Y\u0131llar\u0131n getirdi\u011fi tecr\u00fcbe ve bilgi birikimiyle olu\u015fturdu\u011fumuz kendimize \u00f6zg\u00fc e\u011fitim programlar\u0131m\u0131zla; \u00f6\u011frencilerimizin fark\u0131ndal\u0131\u011f\u0131n\u0131 artt\u0131rmak ve yarat\u0131c\u0131l\u0131\u011f\u0131n \u00f6n\u00fcndeki engelleri kald\u0131rarak kendini rahat\u00e7a ifade edebilece\u011fi alanlar a\u00e7mak, istedi\u011fi alanda kendini geli\u015ftirmesine yard\u0131mc\u0131 olmak i\u00e7in hep yan\u0131nday\u0131z.<\/p><p>MEB \u00d6zel Bilge Sinema ve Sahne Sanatlar\u0131 Oyunculuk Kursunda e\u011fitim alanlar, kendisini bir ailenin ve dostlu\u011fun par\u00e7as\u0131n\u0131 oldu\u011funu hisseder; \u00e7\u00fcnk\u00fc e\u011fitimde yakalad\u0131\u011f\u0131m\u0131z ba\u015far\u0131n\u0131n s\u0131rr\u0131n\u0131n \u00f6\u011frencilerimizle kurdu\u011fumuz g\u00f6n\u00fcl ba\u011f\u0131nda gizli oldu\u011funa inan\u0131yoruz. D\u00fczenledi\u011fimiz workshop\u2019larla T\u00fcrkiye ve d\u00fcnyan\u0131n \u00f6nde gelen sanat\u00e7\u0131lar\u0131yla \u00f6\u011frencilerimizi bulu\u015fturmaktan, ortak ilgi alanlar\u0131n\u0131 payla\u015ft\u0131\u011f\u0131 insanlarla tan\u0131\u015fma imk\u00e2n\u0131 olu\u015fturmaktan, g\u00fcn\u00fcm\u00fczde pek rastlanmayan kaliteli, derin sohbetlere vesile olmaktan her zaman mutluluk duyuyoruz.<\/p><p>MEB \u00d6zel Bilge Sinema ve Sahne Sanatlar\u0131 Oyunculuk Kursunda tiyatro alan bilgisinin yan\u0131 s\u0131ra pedagoji e\u011fitimi alm\u0131\u015f e\u011fitmenlerimizle 3 ya\u015f\u0131ndan itibaren \u00e7ocuklar i\u00e7in yarat\u0131c\u0131 drama, 7 ya\u015f\u0131ndan itibaren \u00e7ocuk, gen\u00e7 ve yeti\u015fkinler i\u00e7in tiyatro, kamera \u00f6n\u00fc oyunculuk, ritim perk\u00fcsyon, \u015fan, dans, yarat\u0131c\u0131 yazarl\u0131k, diksiyon ve konservatuvar oyunculuk b\u00f6l\u00fcm\u00fc yetenek s\u0131nav\u0131 haz\u0131rl\u0131k dersleri e\u011fitimi sunuyoruz.<\/p><p>Tiyatro ve drama e\u011fitimleri verip oyunlar\u0131m\u0131z\u0131 oynad\u0131\u011f\u0131m\u0131z her t\u00fcr teknik imkana sahip y\u00fcz ki\u015filik seyirci kapasitesi olan tam donan\u0131ml\u0131 sahnemiz ve aynal\u0131 dans salonumuzla fiziki ko\u015fullar\u0131m\u0131zla da alan\u0131m\u0131zda fark yaratman\u0131n mutlulu\u011fu i\u00e7inde, keyifle ve sa\u011fl\u0131kla e\u011fitimlerimizi s\u00fcrd\u00fcr\u00fcyoruz.<\/p>\t\t\t\t\t\t\t\t<\/div>\n\t\t\t\t<\/div>\n\t\t\t\t\t<\/div>\n\t\t<\/div>\n\t\t\t\t<div class=\"elementor-column elementor-col-33 elementor-inner-column elementor-element elementor-element-0f3684d\" data-id=\"0f3684d\" data-element_type=\"column\" data-e-type=\"column\">\n\t\t\t<div class=\"elementor-widget-wrap\">\n\t\t\t\t\t\t\t<\/div>\n\t\t<\/div>\n\t\t\t\t\t<\/div>\n\t\t<\/section>\n\t\t\t\t\t<\/div>\n\t\t<\/div>\n\t\t\t\t\t<\/div>\n\t\t<\/section>\n\t\t\t\t<\/div>\n\t\t","protected":false},"excerpt":{"rendered":"<p>2012 y\u0131l\u0131ndan bu yana MEB \u00d6zel Bilge Sinema ve Sahne Sanatlar\u0131 Oyunculuk Kursu olarak her biri kendi alan\u0131nda son derece ba\u015far\u0131l\u0131 ve profesyonel e\u011fitmenlerden olu\u015fan kadromuzla, diledi\u011finiz alanda profesyonel ya da hobi olarak e\u011fitim alabilirsiniz. Y\u0131llar\u0131n getirdi\u011fi tecr\u00fcbe ve bilgi birikimiyle olu\u015fturdu\u011fumuz kendimize \u00f6zg\u00fc e\u011fitim programlar\u0131m\u0131zla; \u00f6\u011frencilerimizin fark\u0131ndal\u0131\u011f\u0131n\u0131 artt\u0131rmak ve yarat\u0131c\u0131l\u0131\u011f\u0131n \u00f6n\u00fcndeki engelleri kald\u0131rarak kendini [&hellip;]<\/p>\n","protected":false},"author":236478900,"featured_media":0,"parent":0,"menu_order":0,"comment_status":"closed","ping_status":"closed","template":"elementor_header_footer","meta":{"site-sidebar-layout":"default","site-content-layout":"","ast-site-content-layout":"default","site-content-style":"default","site-sidebar-style":"default","ast-global-header-display":"","ast-banner-title-visibility":"","ast-main-header-display":"","ast-hfb-above-header-display":"","ast-hfb-below-header-display":"","ast-hfb-mobile-header-display":"","site-post-title":"","ast-breadcrumbs-content":"","ast-featured-img":"","footer-sml-layout":"","ast-disable-related-posts":"","theme-transparent-header-meta":"default","adv-header-id-meta":"","stick-header-meta":"","header-above-stick-meta":"","header-main-stick-meta":"","header-below-stick-meta":"","astra-migrate-meta-layouts":"set","ast-page-background-enabled":"default","ast-page-background-meta":{"desktop":{"background-color":"var(--ast-global-color-4)","background-image":"","background-repeat":"repeat","background-position":"center center","background-size":"auto","background-attachment":"scroll","background-type":"","background-media":"","overlay-type":"","overlay-color":"","overlay-opacity":"","overlay-gradient":""},"tablet":{"background-color":"","background-image":"","background-repeat":"repeat","background-position":"center center","background-size":"auto","background-attachment":"scroll","background-type":"","background-media":"","overlay-type":"","overlay-color":"","overlay-opacity":"","overlay-gradient":""},"mobile":{"background-color":"","background-image":"","background-repeat":"repeat","background-position":"center center","background-size":"auto","background-attachment":"scroll","background-type":"","background-media":"","overlay-type":"","overlay-color":"","overlay-opacity":"","overlay-gradient":""}},"ast-content-background-meta":{"desktop":{"background-color":"var(--ast-global-color-5)","background-image":"","background-repeat":"repeat","background-position":"center center","background-size":"auto","background-attachment":"scroll","background-type":"","background-media":"","overlay-type":"","overlay-color":"","overlay-opacity":"","overlay-gradient":""},"tablet":{"background-color":"var(--ast-global-color-5)","background-image":"","background-repeat":"repeat","background-position":"center center","background-size":"auto","background-attachment":"scroll","background-type":"","background-media":"","overlay-type":"","overlay-color":"","overlay-opacity":"","overlay-gradient":""},"mobile":{"background-color":"var(--ast-global-color-5)","background-image":"","background-repeat":"repeat","background-position":"center center","background-size":"auto","background-attachment":"scroll","background-type":"","background-media":"","overlay-type":"","overlay-color":"","overlay-opacity":"","overlay-gradient":""}},"footnotes":""},"class_list":["post-2","page","type-page","status-publish","hentry"],"_links":{"self":[{"href":"https:\/\/ozelbilgeoyunculuk.com\/tr\/wp-json\/wp\/v2\/pages\/2","targetHints":{"allow":["GET"]}}],"collection":[{"href":"https:\/\/ozelbilgeoyunculuk.com\/tr\/wp-json\/wp\/v2\/pages"}],"about":[{"href":"https:\/\/ozelbilgeoyunculuk.com\/tr\/wp-json\/wp\/v2\/types\/page"}],"author":[{"embeddable":true,"href":"https:\/\/ozelbilgeoyunculuk.com\/tr\/wp-json\/wp\/v2\/users\/236478900"}],"replies":[{"embeddable":true,"href":"https:\/\/ozelbilgeoyunculuk.com\/tr\/wp-json\/wp\/v2\/comments?post=2"}],"version-history":[{"count":62,"href":"https:\/\/ozelbilgeoyunculuk.com\/tr\/wp-json\/wp\/v2\/pages\/2\/revisions"}],"predecessor-version":[{"id":2974,"href":"https:\/\/ozelbilgeoyunculuk.com\/tr\/wp-json\/wp\/v2\/pages\/2\/revisions\/2974"}],"wp:attachment":[{"href":"https:\/\/ozelbilgeoyunculuk.com\/tr\/wp-json\/wp\/v2\/media?parent=2"}],"curies":[{"name":"wp","href":"https:\/\/api.w.org\/{rel}","templated":true}]}}